{"id":110,"date":"2025-05-23T22:40:38","date_gmt":"2025-05-23T20:40:38","guid":{"rendered":"https:\/\/www.hongqi-komarno.sk\/?page_id=110"},"modified":"2025-08-22T22:15:59","modified_gmt":"2025-08-22T20:15:59","slug":"o-hongqi","status":"publish","type":"page","link":"https:\/\/www.hongqi-komarno.sk\/?page_id=110","title":{"rendered":"O Hongqi"},"content":{"rendered":"<div class=\"brz brz-root__container brz-reset-all brz-root__container-page\" >\n<section id=\"hgppXQNRInQr_hgppXQNRInQr\" class=\"brz-section brz-css-1llzr4k brz-css-omqjyn\">\n<div class=\"brz-section__content brz-section--fullWidth brz-css-1ak29mr brz-css-mz38dg\" data-brz-custom-id=\"pET6Tovc2OW8\">\n<div class=\"brz-container brz-css-sof43l brz-css-1e6v9fk\">\n<div id=\"\" class=\"brz-css-121ad8v brz-css-soqr99 brz-wrapper\">\n<div class=\"brz-image brz-css-ocmffs brz-css-1xvrkco\" data-brz-custom-id=\"hh5f73floNV8\"><picture class=\"brz-picture brz-d-block brz-p-relative brz-css-1fmfp6w brz-css-2k0ylt\"><source srcset=\"https:\/\/www.hongqi-komarno.sk\/wp-content\/uploads\/2025\/05\/ehs9_banner_web.webp 1x, https:\/\/www.hongqi-komarno.sk\/wp-content\/uploads\/2025\/05\/ehs9_banner_web.webp 2x\" media=\"(min-width: 992px)\"><source srcset=\"https:\/\/www.hongqi-komarno.sk\/wp-content\/uploads\/2025\/05\/ehs9_banner_web.webp 1x, https:\/\/www.hongqi-komarno.sk\/wp-content\/uploads\/2025\/05\/ehs9_banner_web.webp 2x\" media=\"(min-width: 768px)\"><img decoding=\"async\" class=\"brz-img\" srcset=\"https:\/\/www.hongqi-komarno.sk\/wp-content\/uploads\/2025\/05\/ehs9_banner_web.webp 1x, https:\/\/www.hongqi-komarno.sk\/wp-content\/uploads\/2025\/05\/ehs9_banner_web.webp 2x\" src=\"https:\/\/www.hongqi-komarno.sk\/wp-content\/uploads\/2025\/05\/ehs9_banner_web.webp\" alt=\"\" title=\"ehs9_banner_web\" draggable=\"false\" loading=\"lazy\"><\/picture><\/div>\n<\/div>\n<\/div>\n<\/div>\n<\/section>\n<section id=\"ydRvV2gZaz9D_ydRvV2gZaz9D\" class=\"brz-section brz-css-1lj2hxl brz-css-1q1up6q\">\n<div class=\"brz-section__content brz-section--boxed brz-css-rh7nzt brz-css-17donb6\" data-brz-custom-id=\"xLO1T1xa3li5\">\n<div class=\"brz-container brz-css-lpzllj brz-css-bq8e0k\">\n<div class=\"brz-row__container brz-css-jctl10 brz-css-v66k57\" data-brz-custom-id=\"s1NOMLYhuvgd\">\n<div class=\"brz-row brz-css-1fex2q2 brz-css-v613dc brz-css-o12f20\">\n<div class=\"brz-columns brz-css-1oxo26w brz-css-1n7rv1\" data-brz-custom-id=\"dMSjY4MzRwx2\">\n<div class=\"brz-column__items brz-css-1lqef3l brz-css-1o7yzlh\">\n<div id=\"\" class=\"brz-css-1oszia1 brz-css-vrcgsr brz-wrapper\">\n<div class=\"brz-rich-text brz-rich-text__custom brz-css-1r0odtq brz-css-1t76ck1\" data-brz-custom-id=\"guN6bBZQVMKW\">\n<div data-brz-translate-text=\"1\">\n<h1 class=\"brz-tp-lg-heading1 brz-text-lg-center ql-align-center brz-css-jxP4D\" data-uniq-id=\"s1C16\" data-generated-css=\"brz-css-i5Rvu\"><span class=\"brz-cp-color8 brz-span\" style=\"color: rgba(var(--brz-global-color8),1); text-shadow: rgba(255, 255, 255, 0.72) 1px 2px 4px;\">O Hongqi<\/span><\/h1>\n<\/div>\n<\/div>\n<\/div>\n<\/div>\n<\/div>\n<\/div>\n<\/div>\n<\/div>\n<\/div>\n<\/section>\n<section id=\"ajLZWkprEPdT_ajLZWkprEPdT\" class=\"brz-section brz-css-5mgbji brz-css-1vizzms\">\n<div class=\"brz-section__content brz-section--fullWidth brz-css-15a5gb9 brz-css-y6wvp5\" data-brz-custom-id=\"nUyoOIJTZRj8\">\n<div class=\"brz-container brz-css-1vt3q1y brz-css-qtwg18\">\n<div class=\"brz-row__container brz-css-1duxzu2 brz-css-1w4i9ak\" data-brz-custom-id=\"l6SG1Iq4RUR3\">\n<div class=\"brz-row brz-css-l53lqn brz-css-1ve2iyb\">\n<div class=\"brz-columns brz-css-zm1sdb brz-css-1mqgs7r\" data-brz-custom-id=\"wuTiL2z7pNg2\">\n<div class=\"brz-column__items brz-css-py1fa9 brz-css-1yos0i\">\n<div class=\"brz-row__container brz-css-1duxzu2 brz-css-bz98aq\" data-brz-custom-id=\"vlY0wbZTAoeM\">\n<div class=\"brz-row brz-row--inner brz-css-l53lqn brz-css-1710rum brz-css-1sdg00d\">\n<div class=\"brz-columns brz-css-zm1sdb brz-css-7tj17v\" data-brz-custom-id=\"oRksaBxWC7CJ\">\n<div class=\"brz-column__items brz-css-py1fa9 brz-css-1nv6ze4\">\n<div id=\"\" class=\"brz-css-m1awft brz-css-1caybkw brz-wrapper\">\n<div class=\"brz-rich-text brz-rich-text__custom brz-css-nuy9iu brz-css-fqdvp6\" data-brz-custom-id=\"zevqKX7ahdld\">\n<div data-brz-translate-text=\"1\">\n<h2 class=\"brz-text-lg-center brz-tp-lg-heading2 brz-css-uZlUI\" data-uniq-id=\"swylx\" data-generated-css=\"brz-css-vFyQQ\"><strong class=\"brz-cp-color7\" style=\"text-shadow: rgba(0, 0, 0, 0.4) 1px 2px 4px;\">Hist\u00f3ria spolo\u010dnosti<\/strong><\/h2>\n<\/div>\n<\/div>\n<\/div>\n<div id=\"\" class=\"brz-css-m1awft brz-css-uat8ro brz-wrapper\">\n<div class=\"brz-rich-text brz-rich-text__custom brz-css-nuy9iu brz-css-1keuk05\" data-brz-custom-id=\"ol_3sy6Kemau\">\n<div data-brz-translate-text=\"1\">\n<p class=\"brz-lh-lg-1_9 brz-ls-lg-0 brz-fw-lg-700 brz-fss-lg-px brz-fs-lg-16 brz-ft-google brz-ff-overpass brz-tp-lg-empty brz-bcp-color7 brz-vfw-lg-400 brz-fwdth-lg-100 brz-fsft-lg-0 brz-css-lRotJ\" data-generated-css=\"brz-css-mLVCc\" data-uniq-id=\"vuRMd\"><span style=\"color: rgba(var(--brz-global-color2),0.75); text-shadow: rgba(0, 0, 0, 0.4) 1px 2px 4px;\" class=\"brz-cp-color2\">Hongqi, \u010do v preklade znamen\u00e1 \u201e\u010cerven\u00e1 vlajka\u201c, je jednou z najstar\u0161\u00edch a&nbsp;najv\u00fdznamnej\u0161\u00edch automobilov\u00fdch zna\u010diek v \u010c\u00edne. Jej hist\u00f3ria je \u00fazko sp\u00e4t\u00e1 s&nbsp;v\u00fdvojom \u010d\u00ednskeho automobilov\u00e9ho priemyslu a s politick\u00fdmi zmenami v krajine.<\/span><\/p>\n<p class=\"brz-bcp-color7 brz-fsft-lg-0 brz-fwdth-lg-100 brz-vfw-lg-400 brz-lh-lg-1_3 brz-ls-lg-0_1 brz-fw-lg-600 brz-fss-lg-px brz-fs-lg-17 brz-ft-google brz-ff-overpass brz-tp-lg-empty brz-css-fCt64\" data-generated-css=\"brz-css-eGhhX\" data-uniq-id=\"sTER7\"><span class=\"brz-cp-color7\" style=\"color: rgba(69, 69, 69, 0.75); text-shadow: rgba(0, 0, 0, 0.4) 1px 2px 4px;\"> <\/span><\/p>\n<ul>\n<li class=\"brz-tp-lg-paragraph brz-fsft-lg-0 brz-fwdth-lg-100 brz-vfw-lg-400 brz-lh-lg-1_3 brz-ls-lg-m_1_5 brz-fw-lg-400 brz-fss-lg-px brz-fs-lg-17 brz-ft-google brz-ff-comfortaa brz-css-enEcg\" data-generated-css=\"brz-css-c0HUL\" data-uniq-id=\"y1rF7\"><strong style=\"text-shadow: rgba(0, 0, 0, 0.4) 1px 2px 4px;\">Hist\u00f3ria a trad\u00edcia:<\/strong><span style=\"text-shadow: rgba(0, 0, 0, 0.4) 1px 2px 4px;\">&nbsp;Hongqi je symbolom \u010d\u00ednskeho automobilov\u00e9ho priemyslu a m\u00e1 bohat\u00fa hist\u00f3riu.<\/span><\/li>\n<li class=\"brz-tp-lg-paragraph brz-fsft-lg-0 brz-fwdth-lg-100 brz-vfw-lg-400 brz-lh-lg-1_3 brz-ls-lg-m_1_5 brz-fw-lg-400 brz-fss-lg-px brz-fs-lg-17 brz-ft-google brz-ff-comfortaa brz-css-tBaxy\" data-generated-css=\"brz-css-a7A16\" data-uniq-id=\"zyIHS\"><strong style=\"text-shadow: rgba(0, 0, 0, 0.4) 1px 2px 4px;\">Luxus a prest\u00ed\u017e:<\/strong><span style=\"text-shadow: rgba(0, 0, 0, 0.4) 1px 2px 4px;\">&nbsp;Vozidl\u00e1 Hongqi s\u00fa spojen\u00e9 s vysokou kvalitou, luxusn\u00fdm preveden\u00edm a pr\u00e9miov\u00fdmi materi\u00e1lmi.<\/span><\/li>\n<li class=\"brz-tp-lg-paragraph brz-fsft-lg-0 brz-fwdth-lg-100 brz-vfw-lg-400 brz-lh-lg-1_3 brz-ls-lg-m_1_5 brz-fw-lg-400 brz-fss-lg-px brz-fs-lg-17 brz-ft-google brz-ff-comfortaa brz-css-tvHEQ\" data-generated-css=\"brz-css-idpiY\" data-uniq-id=\"t_Cp9\"><strong style=\"text-shadow: rgba(0, 0, 0, 0.4) 1px 2px 4px;\">Modern\u00e9 technol\u00f3gie:<\/strong><span style=\"text-shadow: rgba(0, 0, 0, 0.4) 1px 2px 4px;\">&nbsp;Hongqi vyu\u017e\u00edva najnov\u0161ie technol\u00f3gie v oblasti pohonn\u00fdch syst\u00e9mov, bezpe\u010dnosti a konektivity.<\/span><\/li>\n<li class=\"brz-tp-lg-paragraph brz-fsft-lg-0 brz-fwdth-lg-100 brz-vfw-lg-400 brz-lh-lg-1_3 brz-ls-lg-m_1_5 brz-fw-lg-400 brz-fss-lg-px brz-fs-lg-17 brz-ft-google brz-ff-comfortaa brz-css-h35fk\" data-generated-css=\"brz-css-lXeRJ\" data-uniq-id=\"xrgGu\"><strong style=\"text-shadow: rgba(0, 0, 0, 0.4) 1px 2px 4px;\">Glob\u00e1lne amb\u00edcie:<\/strong><span style=\"text-shadow: rgba(0, 0, 0, 0.4) 1px 2px 4px;\">&nbsp;Zna\u010dka m\u00e1 amb\u00edcie sta\u0165 sa glob\u00e1lnym hr\u00e1\u010dom na trhu luxusn\u00fdch automobilov a konkurova\u0165 etablovan\u00fdm zna\u010dk\u00e1m ako Rolls-Royce, Bentley a Mercedes-Maybach.<\/span><\/li>\n<\/ul>\n<h2 class=\"brz-tp-lg-heading2 brz-css-oWU0F\" data-generated-css=\"brz-css-gXUcb\" data-uniq-id=\"j8pgL\"><\/h2>\n<p class=\"brz-tp-lg-paragraph brz-css-aC7jh\" data-generated-css=\"brz-css-knjqN\" data-uniq-id=\"j1PzB\"><\/p>\n<\/div>\n<\/div>\n<\/div>\n<\/div>\n<\/div>\n<\/div>\n<\/div>\n<\/div>\n<\/div>\n<div class=\"brz-columns brz-css-zm1sdb brz-css-7gpzq4\" data-brz-custom-id=\"hPc2S5c8D4ku\">\n<div class=\"brz-column__items brz-css-py1fa9 brz-css-ykqgux\">\n<div id=\"\" class=\"brz-css-m1awft brz-css-tdsq9x brz-wrapper\">\n<div class=\"brz-image brz-css-ki4oqv brz-css-wnlnla\" data-brz-custom-id=\"vvoZVe64KzJU\"><picture class=\"brz-picture brz-d-block brz-p-relative brz-css-1nivp4q brz-css-an4wnk\"><source srcset=\"https:\/\/www.hongqi-komarno.sk\/wp-content\/uploads\/2025\/05\/eh7_model_web-scaled1.webp 1x, https:\/\/www.hongqi-komarno.sk\/wp-content\/uploads\/2025\/05\/eh7_model_web-scaled1.webp 2x\" media=\"(min-width: 992px)\"><source srcset=\"https:\/\/www.hongqi-komarno.sk\/wp-content\/uploads\/2025\/05\/eh7_model_web-scaled1.webp 1x, https:\/\/www.hongqi-komarno.sk\/wp-content\/uploads\/2025\/05\/eh7_model_web-scaled1.webp 2x\" media=\"(min-width: 768px)\"><img decoding=\"async\" class=\"brz-img\" srcset=\"https:\/\/www.hongqi-komarno.sk\/wp-content\/uploads\/2025\/05\/eh7_model_web-scaled1.webp 1x, https:\/\/www.hongqi-komarno.sk\/wp-content\/uploads\/2025\/05\/eh7_model_web-scaled1.webp 2x\" src=\"https:\/\/www.hongqi-komarno.sk\/wp-content\/uploads\/2025\/05\/eh7_model_web-scaled1.webp\" alt=\"\" title=\"eh7_model_web-scaled[1]\" draggable=\"false\" loading=\"lazy\"><\/picture><\/div>\n<\/div>\n<\/div>\n<\/div>\n<\/div>\n<\/div>\n<\/div>\n<\/div>\n<\/section><\/div>\n<p><!-- version:1755893759 --><\/p>\n","protected":false},"excerpt":{"rendered":"<p>O Hongqi Hist\u00f3ria spolo\u010dnosti Hongqi, \u010do v preklade znamen\u00e1 \u201e\u010cerven\u00e1 vlajka\u201c, je jednou z najstar\u0161\u00edch a&nbsp;najv\u00fdznamnej\u0161\u00edch automobilov\u00fdch zna\u010diek v \u010c\u00edne. Jej hist\u00f3ria je \u00fazko sp\u00e4t\u00e1 s&nbsp;v\u00fdvojom \u010d\u00ednskeho automobilov\u00e9ho priemyslu a s politick\u00fdmi zmenami v krajine. Hist\u00f3ria a trad\u00edcia:&nbsp;Hongqi je symbolom \u010d\u00ednskeho automobilov\u00e9ho priemyslu a m\u00e1 bohat\u00fa hist\u00f3riu. Luxus a prest\u00ed\u017e:&nbsp;Vozidl\u00e1 Hongqi s\u00fa spojen\u00e9 s vysokou [&hellip;]<\/p>\n","protected":false},"author":1,"featured_media":0,"parent":0,"menu_order":0,"comment_status":"closed","ping_status":"closed","template":"brizy-blank-template.php","meta":{"footnotes":""},"class_list":["post-110","page","type-page","status-publish","hentry"],"brizy_media":[{"id":115,"url":"https:\/\/www.hongqi-komarno.sk\/wp-content\/uploads\/2025\/05\/eh7_model_web-scaled1.webp","name":"eh7_model_web-scaled1.webp","meta":{"brizy_attachment_uid":"wp-f1290f8b012e2cd64fffde85076d752b.webp","brizy_post_uid":["bb0babfb06607d7a7820b658a3ced732"]}},{"id":120,"url":"https:\/\/www.hongqi-komarno.sk\/wp-content\/uploads\/2025\/05\/ehs9_banner_web1.webp","name":"ehs9_banner_web1.webp","meta":{"brizy_attachment_uid":"wp-9a479996f6baf18adb7561b0422da806.webp","brizy_post_uid":["bb0babfb06607d7a7820b658a3ced732"]}},{"id":121,"url":"https:\/\/www.hongqi-komarno.sk\/wp-content\/uploads\/2025\/05\/ehs9_banner_web.webp","name":"ehs9_banner_web.webp","meta":{"brizy_attachment_uid":"wp-cebd07b8394b428fa023830a2d967781.webp","brizy_post_uid":["bb0babfb06607d7a7820b658a3ced732","01f827db1f4b3b6b10c254399802cbb5"]}}],"_links":{"self":[{"href":"https:\/\/www.hongqi-komarno.sk\/index.php?rest_route=\/wp\/v2\/pages\/110","targetHints":{"allow":["GET"]}}],"collection":[{"href":"https:\/\/www.hongqi-komarno.sk\/index.php?rest_route=\/wp\/v2\/pages"}],"about":[{"href":"https:\/\/www.hongqi-komarno.sk\/index.php?rest_route=\/wp\/v2\/types\/page"}],"author":[{"embeddable":true,"href":"https:\/\/www.hongqi-komarno.sk\/index.php?rest_route=\/wp\/v2\/users\/1"}],"replies":[{"embeddable":true,"href":"https:\/\/www.hongqi-komarno.sk\/index.php?rest_route=%2Fwp%2Fv2%2Fcomments&post=110"}],"version-history":[{"count":20,"href":"https:\/\/www.hongqi-komarno.sk\/index.php?rest_route=\/wp\/v2\/pages\/110\/revisions"}],"predecessor-version":[{"id":745,"href":"https:\/\/www.hongqi-komarno.sk\/index.php?rest_route=\/wp\/v2\/pages\/110\/revisions\/745"}],"wp:attachment":[{"href":"https:\/\/www.hongqi-komarno.sk\/index.php?rest_route=%2Fwp%2Fv2%2Fmedia&parent=110"}],"curies":[{"name":"wp","href":"https:\/\/api.w.org\/{rel}","templated":true}]}}