{"id":851,"date":"2025-10-04T10:51:04","date_gmt":"2025-10-04T08:51:04","guid":{"rendered":"https:\/\/www.hongqi-komarno.sk\/?page_id=851"},"modified":"2025-10-05T23:52:29","modified_gmt":"2025-10-05T21:52:29","slug":"novinky","status":"publish","type":"page","link":"https:\/\/www.hongqi-komarno.sk\/?page_id=851","title":{"rendered":"Novinky"},"content":{"rendered":"<div class=\"brz brz-root__container brz-reset-all brz-root__container-page\" >\n<section id=\"n9HFzm3JYzvL_n9HFzm3JYzvL\" class=\"brz-section brz-css-1gv4e6k brz-css-1br4a5w\">\n<div class=\"brz-section__content brz-section--fullWidth brz-css-1fmzbm5 brz-css-1ys6hvp\" data-brz-custom-id=\"s8zAN7jLnwIX\">\n<div class=\"brz-container brz-css-1gr4vzs brz-css-1v58700\">\n<div id=\"\" class=\"brz-css-6evi0u brz-css-1ng1l0q brz-wrapper\">\n<div class=\"brz-image brz-css-xgkf4z brz-css-10a161q\" data-brz-custom-id=\"bRcn6jW2lKJg\"><picture class=\"brz-picture brz-d-block brz-p-relative brz-css-1pgkjlg brz-css-1sjbfiq\"><source srcset=\"https:\/\/www.hongqi-komarno.sk\/wp-content\/uploads\/2025\/05\/ehs9_banner_web.webp 1x, https:\/\/www.hongqi-komarno.sk\/wp-content\/uploads\/2025\/05\/ehs9_banner_web.webp 2x\" media=\"(min-width: 992px)\"><source srcset=\"https:\/\/www.hongqi-komarno.sk\/wp-content\/uploads\/2025\/05\/ehs9_banner_web.webp 1x, https:\/\/www.hongqi-komarno.sk\/wp-content\/uploads\/2025\/05\/ehs9_banner_web.webp 2x\" media=\"(min-width: 768px)\"><img decoding=\"async\" class=\"brz-img\" srcset=\"https:\/\/www.hongqi-komarno.sk\/wp-content\/uploads\/2025\/05\/ehs9_banner_web.webp 1x, https:\/\/www.hongqi-komarno.sk\/wp-content\/uploads\/2025\/05\/ehs9_banner_web.webp 2x\" src=\"https:\/\/www.hongqi-komarno.sk\/wp-content\/uploads\/2025\/05\/ehs9_banner_web.webp\" loading=\"lazy\" alt=\"\" title=\"ehs9_banner_web\" draggable=\"false\"><\/picture><\/div>\n<\/div>\n<div id=\"\" class=\"brz-css-6evi0u brz-css-qemp74 brz-wrapper\">\n<div class=\"brz-rich-text brz-rich-text__custom brz-css-18yvj7y brz-css-mklwod\" data-brz-custom-id=\"yqdG06YFKgC1\">\n<div data-brz-translate-text=\"1\">\n<p class=\"ql-align-center brz-fw-lg-700 brz-ls-lg-m_1_5 brz-lh-lg-1_3 brz-ff-roboto brz-fs-lg-68 brz-text-lg-center brz-fss-lg-px brz-vfw-lg-400 brz-fwdth-lg-100 brz-fsft-lg-0 brz-tp-lg-empty brz-ft-google brz-css-bHycW\" data-uniq-id=\"fnEct\" data-generated-css=\"brz-css-mmEa1\"><strong class=\"brz-cp-color7\" style=\"color: rgb(91, 86, 87); text-shadow: rgba(0, 0, 0, 0.38) 1px 2px 4px;\">Novinky<\/strong><\/p>\n<\/div>\n<\/div>\n<\/div>\n<\/div>\n<\/div>\n<\/section>\n<section id=\"ySUczwrep5PV_ySUczwrep5PV\" class=\"brz-section brz-css-1egb1dt brz-css-1ik1k8f\">\n<div class=\"brz-section__content brz-section--boxed brz-css-kka84g brz-css-1k7uw78\" data-brz-custom-id=\"cl_xYFKKlI5F\">\n<div class=\"brz-container brz-css-1kcbtfp brz-css-u7bjrm\">\n<div id=\"\" class=\"brz-css-1pi7ofm brz-css-qlhk4t brz-wrapper\">\n<div class=\"brz-line brz-line-default brz-css-fmjk0j brz-css-1lz5dom\" data-brz-custom-id=\"hSe5P25zzqY5\">\n<hr class=\"brz-hr\"><\/div>\n<\/div>\n<div id=\"\" class=\"brz-css-1pi7ofm brz-css-2nyamw brz-css-1c7hgf9 brz-wrapper\">\n<div class=\"brz-posts brz-css-v6iqpk brz-css-amvr9t\" data-brz-custom-id=\"wxjvCbctQv3A\">\n<div class=\"brz-posts__wrapper\">\n<div class=\"brz-posts__item\">\n<div class=\"brz-columns brz-css-1vlx9cg brz-css-1t0ie9e brz-css-1ws1hhb\" data-brz-custom-id=\"dfCJ24qREaYI\">\n<div class=\"brz-bg\"><\/div>\n<div class=\"brz-column__items brz-css-7h6ufj brz-css-1lts6sy\">\n<div id=\"\" class=\"brz-css-1pi7ofm brz-css-mdr03l brz-wrapper\">\n<div class=\"brz-image brz-css-1cqnc77 brz-css-f0uexj\" data-brz-custom-id=\"dTtki2tSgVVJ\"><picture class=\"brz-picture brz-d-block brz-p-relative brz-css-boqax8 brz-css-1klzd37\"><source srcset=\"https:\/\/www.hongqi-komarno.sk\/wp-content\/plugins\/brizy-pro\/public\/images\/no-image.png 1x, https:\/\/www.hongqi-komarno.sk\/wp-content\/plugins\/brizy-pro\/public\/images\/no-image.png 2x\" media=\"(min-width: 992px)\"><source srcset=\"https:\/\/www.hongqi-komarno.sk\/wp-content\/plugins\/brizy-pro\/public\/images\/no-image.png 1x, https:\/\/www.hongqi-komarno.sk\/wp-content\/plugins\/brizy-pro\/public\/images\/no-image.png 2x\" media=\"(min-width: 768px)\"><img decoding=\"async\" class=\"brz-img\" srcset=\"https:\/\/www.hongqi-komarno.sk\/wp-content\/plugins\/brizy-pro\/public\/images\/no-image.png 1x, https:\/\/www.hongqi-komarno.sk\/wp-content\/plugins\/brizy-pro\/public\/images\/no-image.png 2x\" src=\"https:\/\/www.hongqi-komarno.sk\/wp-content\/plugins\/brizy-pro\/public\/images\/no-image.png\" loading=\"lazy\" alt=\"\" title=\"\" draggable=\"false\"><\/picture><\/div>\n<\/div>\n<div id=\"\" class=\"brz-css-1pi7ofm brz-css-1a1ybxx brz-wrapper\">\n<div class=\"brz-wp-title brz-css-14hdbk1 brz-css-1mzlx1m brz-css-1ezgpqp\" data-brz-custom-id=\"kfsd8o87UPrs\"><span class=\"brz-wp-title-content\" style=\"min-height:20px\">HONGQI E-HS9 vs. Rolls-Royce \u2013 ktor\u00e9 auto je pohodlnej\u0161ie?<\/span><\/div>\n<\/div>\n<div id=\"\" class=\"brz-css-1pi7ofm brz-css-1dtzaf0 brz-wrapper\">\n<div class=\"brz-line brz-line-default brz-css-fmjk0j brz-css-degmwy\" data-brz-custom-id=\"vd3x1jPvvP72\">\n<hr class=\"brz-hr\"><\/div>\n<\/div>\n<div id=\"\" class=\"brz-css-1pi7ofm brz-css-1u7bbhg brz-wrapper\">\n<div class=\"brz-wp-post-excerpt brz-css-5daju6 brz-css-17sszsk brz-css-6n87sx\" data-brz-custom-id=\"zFzkH5jt4xiv\"><span class=\"brz-wp-post-excerpt-content\" style=\"min-height:20px\"><\/span><\/div>\n<\/div>\n<div class=\"brz-wrapper-clone brz-flex-xs-wrap brz-css-kcba6y brz-css-fpfrxg\" data-brz-custom-id=\"mPV6QTxNDTYV\"><a class=\"brz-a brz-btn brz-css-1ffz9dc brz-css-1f55v0i brz-css-erzbni brz-css-13n3t4 brz-css-g7xvy4\" href=\"https:\/\/www.hongqi-komarno.sk\/?p=899\" target=\"_self\" rel=\"noopener\" data-brz-link-type=\"external\" data-brz-custom-id=\"eC4JBdmnZ3US\"><svg class=\"brz-icon-svg align-[initial] brz-css-1cvhyix brz-css-1tincv3\"><use href=\"\/wp-content\/plugins\/brizy\/public\/editor-build\/prod\/editor\/icons\/glyph\/tail-right.svg#nc_icon\"><\/use><\/svg><span data-brz-translate-text=\"1\" class=\"brz-span brz-text__editor\">\u010c\u00edta\u0165 viac<\/span><\/a><\/div>\n<\/div>\n<\/div>\n<\/div>\n<div class=\"brz-posts__item\">\n<div class=\"brz-columns brz-css-1vlx9cg brz-css-1t0ie9e brz-css-1ws1hhb\" data-brz-custom-id=\"dfCJ24qREaYI\">\n<div class=\"brz-bg\"><\/div>\n<div class=\"brz-column__items brz-css-7h6ufj brz-css-1lts6sy\">\n<div id=\"\" class=\"brz-css-1pi7ofm brz-css-mdr03l brz-wrapper\">\n<div class=\"brz-image brz-css-1cqnc77 brz-css-f0uexj\" data-brz-custom-id=\"dTtki2tSgVVJ\"><picture class=\"brz-picture brz-d-block brz-p-relative brz-css-boqax8 brz-css-1klzd37\"><source srcset=\"https:\/\/www.hongqi-komarno.sk\/?brizy_media=wp-57c8c36c7ba050ce66e4b6d3b4144ae0.jpg&#038;brizy_crop=iW%3D382%26iH%3D255%26oX%3D21%26oY%3D0%26cW%3D340%26cH%3D255 1x, https:\/\/www.hongqi-komarno.sk\/?brizy_media=wp-57c8c36c7ba050ce66e4b6d3b4144ae0.jpg&#038;brizy_crop=iW%3D764%26iH%3D510%26oX%3D42%26oY%3D0%26cW%3D680%26cH%3D510 2x\" media=\"(min-width: 992px)\"><source srcset=\"https:\/\/www.hongqi-komarno.sk\/?brizy_media=wp-57c8c36c7ba050ce66e4b6d3b4144ae0.jpg&#038;brizy_crop=iW%3D386%26iH%3D258%26oX%3D21%26oY%3D0%26cW%3D344%26cH%3D258 1x, https:\/\/www.hongqi-komarno.sk\/?brizy_media=wp-57c8c36c7ba050ce66e4b6d3b4144ae0.jpg&#038;brizy_crop=iW%3D773%26iH%3D516%26oX%3D42%26oY%3D0%26cW%3D688%26cH%3D516 2x\" media=\"(min-width: 768px)\"><img decoding=\"async\" class=\"brz-img\" srcset=\"https:\/\/www.hongqi-komarno.sk\/?brizy_media=wp-57c8c36c7ba050ce66e4b6d3b4144ae0.jpg&#038;brizy_crop=iW%3D484%26iH%3D323%26oX%3D27%26oY%3D0%26cW%3D430%26cH%3D323 1x, https:\/\/www.hongqi-komarno.sk\/?brizy_media=wp-57c8c36c7ba050ce66e4b6d3b4144ae0.jpg&#038;brizy_crop=iW%3D968%26iH%3D646%26oX%3D54%26oY%3D0%26cW%3D860%26cH%3D646 2x\" src=\"https:\/\/www.hongqi-komarno.sk\/?brizy_media=wp-57c8c36c7ba050ce66e4b6d3b4144ae0.jpg&#038;brizy_crop=iW%3D382%26iH%3D255%26oX%3D21%26oY%3D0%26cW%3D340%26cH%3D255\" loading=\"lazy\" alt=\"\" title=\"hongqi_ehs9\" draggable=\"false\"><\/picture><\/div>\n<\/div>\n<div id=\"\" class=\"brz-css-1pi7ofm brz-css-1a1ybxx brz-wrapper\">\n<div class=\"brz-wp-title brz-css-14hdbk1 brz-css-1mzlx1m brz-css-1ezgpqp\" data-brz-custom-id=\"kfsd8o87UPrs\"><span class=\"brz-wp-title-content\" style=\"min-height:20px\">Spole\u010dnost Hongqi uvede na evropsk\u00fd trh dva elektromobily<\/span><\/div>\n<\/div>\n<div id=\"\" class=\"brz-css-1pi7ofm brz-css-1dtzaf0 brz-wrapper\">\n<div class=\"brz-line brz-line-default brz-css-fmjk0j brz-css-degmwy\" data-brz-custom-id=\"vd3x1jPvvP72\">\n<hr class=\"brz-hr\"><\/div>\n<\/div>\n<div id=\"\" class=\"brz-css-1pi7ofm brz-css-1u7bbhg brz-wrapper\">\n<div class=\"brz-wp-post-excerpt brz-css-5daju6 brz-css-17sszsk brz-css-6n87sx\" data-brz-custom-id=\"zFzkH5jt4xiv\"><span class=\"brz-wp-post-excerpt-content\" style=\"min-height:20px\">Pod\u013ea agent\u00fary Reuters uvedie \u010d\u00ednska automobilka Hongqi e\u0161te tento rok na eur\u00f3psky trh dva modely elektromobilov. Hongqi koncom minul\u00e9ho t\u00fd\u017ed\u0148a uviedla, \u017ee modely EH7 a EHS7 sa dostan\u00fa na trh v rade eur\u00f3pskych kraj\u00edn \u2013 vr\u00e1tane N\u00f3rska, Holandska, \u0160vaj\u010diarska, D\u00e1nska, Islandu a \u0160v\u00e9dska, kde nadviazala vz\u0165ahy s predajcami.Podrobnosti o cene oboch modelov automobilka nezverejnila. Vozidl\u00e1 je mo\u017en\u00e9 nabi\u0165 za 30 min\u00fat pri teplote \u221210 \u00b0C a pri teplote \u221220 \u00b0C by si zachovali 50 % dojazdu, \u010do je ide\u00e1lne pre chladnej\u0161ie podnebie vo Ve\u013ekej Brit\u00e1nii a \u010fal\u0161\u00edch eur\u00f3pskych krajin\u00e1ch. Spolo\u010dnos\u0165 uviedla, \u017ee EH7 m\u00e1 dojazd a\u017e 690 kilometrov na jedno [&hellip;]<\/span><\/div>\n<\/div>\n<div class=\"brz-wrapper-clone brz-flex-xs-wrap brz-css-kcba6y brz-css-fpfrxg\" data-brz-custom-id=\"mPV6QTxNDTYV\"><a class=\"brz-a brz-btn brz-css-1ffz9dc brz-css-1f55v0i brz-css-erzbni brz-css-13n3t4 brz-css-g7xvy4\" href=\"https:\/\/www.hongqi-komarno.sk\/?p=856\" target=\"_self\" rel=\"noopener\" data-brz-link-type=\"external\" data-brz-custom-id=\"eC4JBdmnZ3US\"><svg class=\"brz-icon-svg align-[initial] brz-css-1cvhyix brz-css-1tincv3\"><use href=\"\/wp-content\/plugins\/brizy\/public\/editor-build\/prod\/editor\/icons\/glyph\/tail-right.svg#nc_icon\"><\/use><\/svg><span data-brz-translate-text=\"1\" class=\"brz-span brz-text__editor\">\u010c\u00edta\u0165 viac<\/span><\/a><\/div>\n<\/div>\n<\/div>\n<\/div>\n<\/div>\n<div class=\"brz-posts__pagination\"><\/div>\n<\/div>\n<\/div>\n<\/div>\n<\/div>\n<\/section><\/div>\n<p><!-- version:1759701149 --><\/p>\n","protected":false},"excerpt":{"rendered":"<p>Novinky HONGQI E-HS9 vs. Rolls-Royce \u2013 ktor\u00e9 auto je pohodlnej\u0161ie? \u010c\u00edta\u0165 viac Spole\u010dnost Hongqi uvede na evropsk\u00fd trh dva elektromobily Pod\u013ea agent\u00fary Reuters uvedie \u010d\u00ednska automobilka Hongqi e\u0161te tento rok na eur\u00f3psky trh dva modely elektromobilov. Hongqi koncom minul\u00e9ho t\u00fd\u017ed\u0148a uviedla, \u017ee modely EH7 a EHS7 sa dostan\u00fa na trh v rade eur\u00f3pskych kraj\u00edn \u2013 [&hellip;]<\/p>\n","protected":false},"author":1,"featured_media":0,"parent":0,"menu_order":0,"comment_status":"closed","ping_status":"closed","template":"brizy-blank-template.php","meta":{"footnotes":""},"class_list":["post-851","page","type-page","status-publish","hentry"],"brizy_media":[],"_links":{"self":[{"href":"https:\/\/www.hongqi-komarno.sk\/index.php?rest_route=\/wp\/v2\/pages\/851","targetHints":{"allow":["GET"]}}],"collection":[{"href":"https:\/\/www.hongqi-komarno.sk\/index.php?rest_route=\/wp\/v2\/pages"}],"about":[{"href":"https:\/\/www.hongqi-komarno.sk\/index.php?rest_route=\/wp\/v2\/types\/page"}],"author":[{"embeddable":true,"href":"https:\/\/www.hongqi-komarno.sk\/index.php?rest_route=\/wp\/v2\/users\/1"}],"replies":[{"embeddable":true,"href":"https:\/\/www.hongqi-komarno.sk\/index.php?rest_route=%2Fwp%2Fv2%2Fcomments&post=851"}],"version-history":[{"count":20,"href":"https:\/\/www.hongqi-komarno.sk\/index.php?rest_route=\/wp\/v2\/pages\/851\/revisions"}],"predecessor-version":[{"id":921,"href":"https:\/\/www.hongqi-komarno.sk\/index.php?rest_route=\/wp\/v2\/pages\/851\/revisions\/921"}],"wp:attachment":[{"href":"https:\/\/www.hongqi-komarno.sk\/index.php?rest_route=%2Fwp%2Fv2%2Fmedia&parent=851"}],"curies":[{"name":"wp","href":"https:\/\/api.w.org\/{rel}","templated":true}]}}